{"id":895,"date":"2019-09-11T10:17:08","date_gmt":"2019-09-11T08:17:08","guid":{"rendered":"https:\/\/natcert.2gmwp.com\/?page_id=895"},"modified":"2019-09-30T11:38:25","modified_gmt":"2019-09-30T09:38:25","slug":"rechtliche-hinweise","status":"publish","type":"page","link":"https:\/\/www.natcert.at\/en\/rechtliche-hinweise\/","title":{"rendered":"Legal Notice"},"content":{"rendered":"<div data-elementor-type=\"wp-post\" data-elementor-id=\"895\" class=\"elementor elementor-895\">\n\t\t\t\t\t\t<div class=\"elementor-inner\">\n\t\t\t\t<div class=\"elementor-section-wrap\">\n\t\t\t\t\t\t\t\t\t<section class=\"elementor-section elementor-top-section elementor-element elementor-element-45c847f1 elementor-section-stretched elementor-section-boxed elementor-section-height-default elementor-section-height-default\" data-id=\"45c847f1\" data-element_type=\"section\" data-settings=\"{&quot;stretch_section&quot;:&quot;section-stretched&quot;}\">\n\t\t\t\t\t\t<div class=\"elementor-container elementor-column-gap-default\">\n\t\t\t\t\t\t\t<div class=\"elementor-row\">\n\t\t\t\t\t<div class=\"elementor-column elementor-col-100 elementor-top-column elementor-element elementor-element-1a524b77\" data-id=\"1a524b77\" data-element_type=\"column\">\n\t\t\t<div class=\"elementor-column-wrap elementor-element-populated\">\n\t\t\t\t\t\t\t<div class=\"elementor-widget-wrap\">\n\t\t\t\t\t\t<div class=\"elementor-element elementor-element-35ae33b4 elementor-widget elementor-widget-image\" data-id=\"35ae33b4\" data-element_type=\"widget\" data-widget_type=\"image.default\">\n\t\t\t\t<div class=\"elementor-widget-container\">\n\t\t\t\t\t\t\t\t<div class=\"elementor-image\">\n\t\t\t\t\t\t\t\t\t\t\t\t<img decoding=\"async\" src=\"https:\/\/www.natcert.at\/wp-content\/uploads\/2019\/09\/natcert_1410x615_10.jpg\" title=\"natcert_1410x615_10\" alt=\"natcert_1410x615_10\" loading=\"lazy\" \/>\t\t\t\t\t\t\t\t\t\t\t\t\t\t<\/div>\n\t\t\t\t\t\t<\/div>\n\t\t\t\t<\/div>\n\t\t\t\t\t\t<\/div>\n\t\t\t\t\t<\/div>\n\t\t<\/div>\n\t\t\t\t\t\t\t\t<\/div>\n\t\t\t\t\t<\/div>\n\t\t<\/section>\n\t\t\t\t<section class=\"elementor-section elementor-top-section elementor-element elementor-element-ba22e4c elementor-section-boxed elementor-section-height-default elementor-section-height-default\" data-id=\"ba22e4c\" data-element_type=\"section\">\n\t\t\t\t\t\t<div class=\"elementor-container elementor-column-gap-default\">\n\t\t\t\t\t\t\t<div class=\"elementor-row\">\n\t\t\t\t\t<div class=\"elementor-column elementor-col-100 elementor-top-column elementor-element elementor-element-1469b9c1\" data-id=\"1469b9c1\" data-element_type=\"column\">\n\t\t\t<div class=\"elementor-column-wrap elementor-element-populated\">\n\t\t\t\t\t\t\t<div class=\"elementor-widget-wrap\">\n\t\t\t\t\t\t<div class=\"elementor-element elementor-element-404018e jet-breadcrumbs-align-left elementor-widget elementor-widget-jet-breadcrumbs\" data-id=\"404018e\" data-element_type=\"widget\" data-widget_type=\"jet-breadcrumbs.default\">\n\t\t\t\t<div class=\"elementor-widget-container\">\n\t\t\t<div class=\"elementor-jet-breadcrumbs jet-blocks\">\n\t\t<div class=\"jet-breadcrumbs\">\n\t\t<div class=\"jet-breadcrumbs__content\">\n\t\t\t<div class=\"jet-breadcrumbs__browse\">You are here:<\/div> \n\t\t<div class=\"jet-breadcrumbs__wrap\"><div class=\"jet-breadcrumbs__item\"><a href=\"https:\/\/www.natcert.at\/en\/\" class=\"jet-breadcrumbs__item-link is-home\" rel=\"home\" title=\"Home\">Home<\/a><\/div>\n\t\t<\/div>\n\t\t<\/div>\n\t\t<\/div><\/div>\t\t<\/div>\n\t\t\t\t<\/div>\n\t\t\t\t<div class=\"elementor-element elementor-element-94108a1 elementor-widget elementor-widget-heading\" data-id=\"94108a1\" data-element_type=\"widget\" data-widget_type=\"heading.default\">\n\t\t\t\t<div class=\"elementor-widget-container\">\n\t\t\t<h1 class=\"elementor-heading-title elementor-size-default\">LEGAL NOTICE<\/h1>\t\t<\/div>\n\t\t\t\t<\/div>\n\t\t\t\t<div class=\"elementor-element elementor-element-29eafb83 elementor-widget elementor-widget-heading\" data-id=\"29eafb83\" data-element_type=\"widget\" data-widget_type=\"heading.default\">\n\t\t\t\t<div class=\"elementor-widget-container\">\n\t\t\t<h2 class=\"elementor-heading-title elementor-size-default\">RECOMMENDATION<\/h2>\t\t<\/div>\n\t\t\t\t<\/div>\n\t\t\t\t<div class=\"elementor-element elementor-element-77b7c51b elementor-widget elementor-widget-text-editor\" data-id=\"77b7c51b\" data-element_type=\"widget\" data-widget_type=\"text-editor.default\">\n\t\t\t\t<div class=\"elementor-widget-container\">\n\t\t\t\t\t\t\t\t<div class=\"elementor-text-editor elementor-clearfix\">\n\t\t\t\t<p>Pure Green hereby explicitly declares that products bearing the NatCert quality seal would not automatically or at any given time receive a corresponding COSMOS or NATRUE certificate. This would be an impermissible preemption of a certification process which may need to be carried out for the particular product. Certification according to the COSMOS or NATRUE standard can only be carried out by the particular body in each case (according to Belgian law and as Association internationale sans but lucratif , AISBL). <em>Association internationale sans but lucratif<\/em> , AISBL) durchf\u00fchren.<\/p><p>Pure Green recommends that products which bear the NatCert quality seal undergo the actual process of certification of the seal that is estimated to be possibly in use internationally \u2013 either COSMOS or NATRUE.<\/p><p>This can be carried out, for example, after a test or introductory phase in order to verify a product or its success on the market.<\/p><p>Pure Green supports its customers in obtaining the desired certification of their products!<\/p>\t\t\t\t\t<\/div>\n\t\t\t\t\t\t<\/div>\n\t\t\t\t<\/div>\n\t\t\t\t<div class=\"elementor-element elementor-element-73abdc91 elementor-widget elementor-widget-text-editor\" data-id=\"73abdc91\" data-element_type=\"widget\" data-widget_type=\"text-editor.default\">\n\t\t\t\t<div class=\"elementor-widget-container\">\n\t\t\t\t\t\t\t\t<div class=\"elementor-text-editor elementor-clearfix\">\n\t\t\t\t\t\t\t\t\t<\/div>\n\t\t\t\t\t\t<\/div>\n\t\t\t\t<\/div>\n\t\t\t\t\t\t<\/div>\n\t\t\t\t\t<\/div>\n\t\t<\/div>\n\t\t\t\t\t\t\t\t<\/div>\n\t\t\t\t\t<\/div>\n\t\t<\/section>\n\t\t\t\t\t\t\t\t\t<\/div>\n\t\t\t<\/div>\n\t\t\t\t\t<\/div>","protected":false},"excerpt":{"rendered":"<p>Sie befinden sich hier: Home Rechtlicher Hinweis Empfehlung Pure Green erkl\u00e4rt ausdr\u00fccklich, dass NatCert-gekennzeichnete Produkte nicht automatisch oder jederzeit ein entsprechendes COSMOS oder NATRUE \u2013 Zertifikat erhalten w\u00fcrden. Dies w\u00e4re eine unzul\u00e4ssige Vorwegnahme eines allf\u00e4llig durchzuf\u00fchrenden Zertifizierungsprozesses f\u00fcr das jeweilige Produkt. Eine Zertifizierung nach COSMOS oder NATRUE Standard kann ausschliesslich die jeweilige Stelle (nach belgischem [&hellip;]<\/p>","protected":false},"author":1,"featured_media":0,"parent":0,"menu_order":0,"comment_status":"closed","ping_status":"closed","template":"","meta":{"footnotes":""},"class_list":["post-895","page","type-page","status-publish","hentry"],"_links":{"self":[{"href":"https:\/\/www.natcert.at\/en\/wp-json\/wp\/v2\/pages\/895","targetHints":{"allow":["GET"]}}],"collection":[{"href":"https:\/\/www.natcert.at\/en\/wp-json\/wp\/v2\/pages"}],"about":[{"href":"https:\/\/www.natcert.at\/en\/wp-json\/wp\/v2\/types\/page"}],"author":[{"embeddable":true,"href":"https:\/\/www.natcert.at\/en\/wp-json\/wp\/v2\/users\/1"}],"replies":[{"embeddable":true,"href":"https:\/\/www.natcert.at\/en\/wp-json\/wp\/v2\/comments?post=895"}],"version-history":[{"count":8,"href":"https:\/\/www.natcert.at\/en\/wp-json\/wp\/v2\/pages\/895\/revisions"}],"predecessor-version":[{"id":1057,"href":"https:\/\/www.natcert.at\/en\/wp-json\/wp\/v2\/pages\/895\/revisions\/1057"}],"wp:attachment":[{"href":"https:\/\/www.natcert.at\/en\/wp-json\/wp\/v2\/media?parent=895"}],"curies":[{"name":"wp","href":"https:\/\/api.w.org\/{rel}","templated":true}]}}