{"id":893,"date":"2019-09-11T10:16:43","date_gmt":"2019-09-11T08:16:43","guid":{"rendered":"https:\/\/natcert.2gmwp.com\/?page_id=893"},"modified":"2025-09-10T13:00:37","modified_gmt":"2025-09-10T11:00:37","slug":"zertifikate-produktqualitaet","status":"publish","type":"page","link":"https:\/\/www.natcert.at\/en\/zertifikate-produktqualitaet\/","title":{"rendered":"Zertifikate &#038; Produktqualit\u00e4t"},"content":{"rendered":"<div data-elementor-type=\"wp-post\" data-elementor-id=\"893\" class=\"elementor elementor-893\">\n\t\t\t\t\t\t<div class=\"elementor-inner\">\n\t\t\t\t<div class=\"elementor-section-wrap\">\n\t\t\t\t\t\t\t\t\t<section class=\"elementor-section elementor-top-section elementor-element elementor-element-6c41d22 elementor-section-boxed elementor-section-height-default elementor-section-height-default\" data-id=\"6c41d22\" data-element_type=\"section\">\n\t\t\t\t\t\t<div class=\"elementor-container elementor-column-gap-default\">\n\t\t\t\t\t\t\t<div class=\"elementor-row\">\n\t\t\t\t\t<div class=\"elementor-column elementor-col-100 elementor-top-column elementor-element elementor-element-210d85f2\" data-id=\"210d85f2\" data-element_type=\"column\">\n\t\t\t<div class=\"elementor-column-wrap elementor-element-populated\">\n\t\t\t\t\t\t\t<div class=\"elementor-widget-wrap\">\n\t\t\t\t\t\t<div class=\"elementor-element elementor-element-3804e53 jet-breadcrumbs-align-left elementor-widget elementor-widget-jet-breadcrumbs\" data-id=\"3804e53\" data-element_type=\"widget\" data-widget_type=\"jet-breadcrumbs.default\">\n\t\t\t\t<div class=\"elementor-widget-container\">\n\t\t\t<div class=\"elementor-jet-breadcrumbs jet-blocks\">\n\t\t<div class=\"jet-breadcrumbs\">\n\t\t<div class=\"jet-breadcrumbs__content\">\n\t\t\t<div class=\"jet-breadcrumbs__browse\">You are here:<\/div> \n\t\t<div class=\"jet-breadcrumbs__wrap\"><div class=\"jet-breadcrumbs__item\"><a href=\"https:\/\/www.natcert.at\/en\/\" class=\"jet-breadcrumbs__item-link is-home\" rel=\"home\" title=\"Home\">Home<\/a><\/div>\n\t\t<\/div>\n\t\t<\/div>\n\t\t<\/div><\/div>\t\t<\/div>\n\t\t\t\t<\/div>\n\t\t\t\t<div class=\"elementor-element elementor-element-6f77ff98 elementor-widget elementor-widget-heading\" data-id=\"6f77ff98\" data-element_type=\"widget\" data-widget_type=\"heading.default\">\n\t\t\t\t<div class=\"elementor-widget-container\">\n\t\t\t<h1 class=\"elementor-heading-title elementor-size-default\">QUALITY WITHOUT ANY IFS OR BUTS<\/h1>\t\t<\/div>\n\t\t\t\t<\/div>\n\t\t\t\t<div class=\"elementor-element elementor-element-64f915f3 elementor-widget elementor-widget-heading\" data-id=\"64f915f3\" data-element_type=\"widget\" data-widget_type=\"heading.default\">\n\t\t\t\t<div class=\"elementor-widget-container\">\n\t\t\t<h2 class=\"elementor-heading-title elementor-size-default\">CARRYING THE NATCERT QUALITY SEAL<\/h2>\t\t<\/div>\n\t\t\t\t<\/div>\n\t\t\t\t<div class=\"elementor-element elementor-element-45b5b70d elementor-widget elementor-widget-text-editor\" data-id=\"45b5b70d\" data-element_type=\"widget\" data-widget_type=\"text-editor.default\">\n\t\t\t\t<div class=\"elementor-widget-container\">\n\t\t\t\t\t\t\t\t<div class=\"elementor-text-editor elementor-clearfix\">\n\t\t\t\t<p>Recognized certificates offer great benefits to consumers and intermediate customers. They provide trust and security. Recognized certificates also have one big disadvantage, however:<\/p><p>They do not say anything about the quality of the product in use. For example, certificates also do not have any essential significance regarding how valuable ingredients actually are. This is also not their task, even if many consumers and companies believe that it is.<\/p><p>To exaggerate the point, one could certify pure water, for example, simply because it does not contain any damaging or prohibited ingredients. Pure water is valuable but just not a cosmetic product.<\/p><p>Ein mit einem g\u00e4ngigen Zertifikat ausgestattetes Produkt entspricht also sicherlich den bestimmten Sicherheits- und Qualit\u00e4tskriterien. Ein solches Zertifikat best\u00e4tigt jedoch nicht, dass ein Produkt tats\u00e4chlich wertvolle Inhaltsstoffe enth\u00e4lt oder wirklich gut vertr\u00e4glich ist. Hier setzt unsere firmeneigene Kennzeichnung NatCert an.<\/p><p>Produkte, die von uns mit NatCert gekennzeichnet werden, grenzen sich von immer mehr Billiganbieter-Waren ab, die zwar berechtigt anerkannte Zertifikate f\u00fchren, letztlich aber kein funktionell zufriedenstellendes Produkt darstellen.<\/p><p>Genau dies garantiert NatCert: Pure Green kennzeichnet mit NatCert nur Produkte, die nach unserer Pr\u00fcfung anerkannten Standards der Naturkosmetik entsprechen UND wirklich ideal f\u00fcr die gedachte Anwendung sind. Selbstverst\u00e4ndlich sind positiv abgeschlossene Epikutantests Voraussetzungen f\u00fcr eine NatCert-Kennzeichnung.<\/p>\t\t\t\t\t<\/div>\n\t\t\t\t\t\t<\/div>\n\t\t\t\t<\/div>\n\t\t\t\t<div class=\"elementor-element elementor-element-14d5d9ae elementor-widget elementor-widget-text-editor\" data-id=\"14d5d9ae\" data-element_type=\"widget\" data-widget_type=\"text-editor.default\">\n\t\t\t\t<div class=\"elementor-widget-container\">\n\t\t\t\t\t\t\t\t<div class=\"elementor-text-editor elementor-clearfix\">\n\t\t\t\t\t\t\t\t\t<\/div>\n\t\t\t\t\t\t<\/div>\n\t\t\t\t<\/div>\n\t\t\t\t\t\t<\/div>\n\t\t\t\t\t<\/div>\n\t\t<\/div>\n\t\t\t\t\t\t\t\t<\/div>\n\t\t\t\t\t<\/div>\n\t\t<\/section>\n\t\t\t\t<section class=\"elementor-section elementor-top-section elementor-element elementor-element-42484945 elementor-section-boxed elementor-section-height-default elementor-section-height-default\" data-id=\"42484945\" data-element_type=\"section\">\n\t\t\t\t\t\t<div class=\"elementor-container elementor-column-gap-default\">\n\t\t\t\t\t\t\t<div class=\"elementor-row\">\n\t\t\t\t\t<div class=\"elementor-column elementor-col-33 elementor-top-column elementor-element elementor-element-547b71c0\" data-id=\"547b71c0\" data-element_type=\"column\">\n\t\t\t<div class=\"elementor-column-wrap elementor-element-populated\">\n\t\t\t\t\t\t\t<div class=\"elementor-widget-wrap\">\n\t\t\t\t\t\t<div class=\"elementor-element elementor-element-7c85d618 elementor-widget elementor-widget-image\" data-id=\"7c85d618\" data-element_type=\"widget\" data-widget_type=\"image.default\">\n\t\t\t\t<div class=\"elementor-widget-container\">\n\t\t\t\t\t\t\t\t<div class=\"elementor-image\">\n\t\t\t\t\t\t\t\t\t\t\t\t\t<a href=\"http:\/\/natcert.2gmwp.com\/wp-content\/uploads\/2019\/09\/natcert_440_x_500_8.jpg\" data-elementor-open-lightbox=\"yes\" data-elementor-lightbox-title=\"natcert_440_x_500_8\" e-action-hash=\"#elementor-action%3Aaction%3Dlightbox%26settings%3DeyJpZCI6ODY5LCJ1cmwiOiJodHRwczpcL1wvd3d3Lm5hdGNlcnQuYXRcL3dwLWNvbnRlbnRcL3VwbG9hZHNcLzIwMTlcLzA5XC9uYXRjZXJ0XzQ0MF94XzUwMF84LmpwZyJ9\">\n\t\t\t\t\t\t\t<img decoding=\"async\" src=\"https:\/\/www.natcert.at\/wp-content\/uploads\/2019\/09\/natcert_440_x_500_8.jpg\" title=\"natcert_440_x_500_8\" alt=\"natcert_440_x_500_8\" loading=\"lazy\" \/>\t\t\t\t\t\t\t\t<\/a>\n\t\t\t\t\t\t\t\t\t\t\t\t\t\t<\/div>\n\t\t\t\t\t\t<\/div>\n\t\t\t\t<\/div>\n\t\t\t\t\t\t<\/div>\n\t\t\t\t\t<\/div>\n\t\t<\/div>\n\t\t\t\t<div class=\"elementor-column elementor-col-33 elementor-top-column elementor-element elementor-element-77191fd0\" data-id=\"77191fd0\" data-element_type=\"column\">\n\t\t\t<div class=\"elementor-column-wrap elementor-element-populated\">\n\t\t\t\t\t\t\t<div class=\"elementor-widget-wrap\">\n\t\t\t\t\t\t<div class=\"elementor-element elementor-element-338d4e0c elementor-widget elementor-widget-image\" data-id=\"338d4e0c\" data-element_type=\"widget\" data-widget_type=\"image.default\">\n\t\t\t\t<div class=\"elementor-widget-container\">\n\t\t\t\t\t\t\t\t<div class=\"elementor-image\">\n\t\t\t\t\t\t\t\t\t\t\t\t\t<a href=\"http:\/\/natcert.2gmwp.com\/wp-content\/uploads\/2019\/09\/natcert_440_x_500_2.jpg\" data-elementor-open-lightbox=\"yes\" data-elementor-lightbox-title=\"natcert_440_x_500_2\" e-action-hash=\"#elementor-action%3Aaction%3Dlightbox%26settings%3DeyJpZCI6ODYzLCJ1cmwiOiJodHRwczpcL1wvd3d3Lm5hdGNlcnQuYXRcL3dwLWNvbnRlbnRcL3VwbG9hZHNcLzIwMTlcLzA5XC9uYXRjZXJ0XzQ0MF94XzUwMF8yLmpwZyJ9\">\n\t\t\t\t\t\t\t<img decoding=\"async\" src=\"https:\/\/www.natcert.at\/wp-content\/uploads\/2019\/09\/natcert_440_x_500_2.jpg\" title=\"natcert_440_x_500_2\" alt=\"natcert_440_x_500_2\" loading=\"lazy\" \/>\t\t\t\t\t\t\t\t<\/a>\n\t\t\t\t\t\t\t\t\t\t\t\t\t\t<\/div>\n\t\t\t\t\t\t<\/div>\n\t\t\t\t<\/div>\n\t\t\t\t\t\t<\/div>\n\t\t\t\t\t<\/div>\n\t\t<\/div>\n\t\t\t\t<div class=\"elementor-column elementor-col-33 elementor-top-column elementor-element elementor-element-38821449\" data-id=\"38821449\" data-element_type=\"column\">\n\t\t\t<div class=\"elementor-column-wrap elementor-element-populated\">\n\t\t\t\t\t\t\t<div class=\"elementor-widget-wrap\">\n\t\t\t\t\t\t<div class=\"elementor-element elementor-element-14bdf7b9 elementor-widget elementor-widget-image\" data-id=\"14bdf7b9\" data-element_type=\"widget\" data-widget_type=\"image.default\">\n\t\t\t\t<div class=\"elementor-widget-container\">\n\t\t\t\t\t\t\t\t<div class=\"elementor-image\">\n\t\t\t\t\t\t\t\t\t\t\t\t\t<a href=\"http:\/\/natcert.2gmwp.com\/wp-content\/uploads\/2019\/09\/natcert_440_x_500_6.jpg\" data-elementor-open-lightbox=\"yes\" data-elementor-lightbox-title=\"natcert_440_x_500_6\" e-action-hash=\"#elementor-action%3Aaction%3Dlightbox%26settings%3DeyJpZCI6ODY3LCJ1cmwiOiJodHRwczpcL1wvd3d3Lm5hdGNlcnQuYXRcL3dwLWNvbnRlbnRcL3VwbG9hZHNcLzIwMTlcLzA5XC9uYXRjZXJ0XzQ0MF94XzUwMF82LmpwZyJ9\">\n\t\t\t\t\t\t\t<img decoding=\"async\" src=\"https:\/\/www.natcert.at\/wp-content\/uploads\/2019\/09\/natcert_440_x_500_6.jpg\" title=\"natcert_440_x_500_6\" alt=\"natcert_440_x_500_6\" loading=\"lazy\" \/>\t\t\t\t\t\t\t\t<\/a>\n\t\t\t\t\t\t\t\t\t\t\t\t\t\t<\/div>\n\t\t\t\t\t\t<\/div>\n\t\t\t\t<\/div>\n\t\t\t\t\t\t<\/div>\n\t\t\t\t\t<\/div>\n\t\t<\/div>\n\t\t\t\t\t\t\t\t<\/div>\n\t\t\t\t\t<\/div>\n\t\t<\/section>\n\t\t\t\t\t\t\t\t\t<\/div>\n\t\t\t<\/div>\n\t\t\t\t\t<\/div>","protected":false},"excerpt":{"rendered":"<p>Sie befinden sich hier: Home Qualit\u00e4t ohne Wenn und Aber Kennzeichnung mit NatCert Anerkannte Zertifikate haben gro\u00dfe Vorteile f\u00fcr Verbraucher und Zwischenabnehmer. Sie schaffen Vertrauen und Sicherheit. Anerkannte Zertifikate haben jedoch einen gro\u00dfen Nachteil: Sie sagen nichts \u00fcber die Anwendungs-Qualit\u00e4t des Produktes aus. Zertifikate haben auch keine zwingende Aussagekraft, wie wertvoll beispielsweise Inhaltsstoffe tats\u00e4chlich sind. [&hellip;]<\/p>","protected":false},"author":1,"featured_media":0,"parent":0,"menu_order":0,"comment_status":"closed","ping_status":"closed","template":"","meta":{"footnotes":""},"class_list":["post-893","page","type-page","status-publish","hentry"],"_links":{"self":[{"href":"https:\/\/www.natcert.at\/en\/wp-json\/wp\/v2\/pages\/893","targetHints":{"allow":["GET"]}}],"collection":[{"href":"https:\/\/www.natcert.at\/en\/wp-json\/wp\/v2\/pages"}],"about":[{"href":"https:\/\/www.natcert.at\/en\/wp-json\/wp\/v2\/types\/page"}],"author":[{"embeddable":true,"href":"https:\/\/www.natcert.at\/en\/wp-json\/wp\/v2\/users\/1"}],"replies":[{"embeddable":true,"href":"https:\/\/www.natcert.at\/en\/wp-json\/wp\/v2\/comments?post=893"}],"version-history":[{"count":14,"href":"https:\/\/www.natcert.at\/en\/wp-json\/wp\/v2\/pages\/893\/revisions"}],"predecessor-version":[{"id":1225,"href":"https:\/\/www.natcert.at\/en\/wp-json\/wp\/v2\/pages\/893\/revisions\/1225"}],"wp:attachment":[{"href":"https:\/\/www.natcert.at\/en\/wp-json\/wp\/v2\/media?parent=893"}],"curies":[{"name":"wp","href":"https:\/\/api.w.org\/{rel}","templated":true}]}}