{"id":10,"date":"2019-08-15T11:28:51","date_gmt":"2019-08-15T11:28:51","guid":{"rendered":"https:\/\/ld-wp73.template-help.com\/wordpress\/prod_25102\/v1\/?page_id=10"},"modified":"2025-09-10T12:50:08","modified_gmt":"2025-09-10T10:50:08","slug":"ueber-natcert","status":"publish","type":"page","link":"https:\/\/www.natcert.at\/en\/ueber-natcert\/","title":{"rendered":"About NatCert"},"content":{"rendered":"<div data-elementor-type=\"wp-post\" data-elementor-id=\"10\" class=\"elementor elementor-10\">\n\t\t\t\t\t\t<div class=\"elementor-inner\">\n\t\t\t\t<div class=\"elementor-section-wrap\">\n\t\t\t\t\t\t\t\t\t<section class=\"elementor-section elementor-top-section elementor-element elementor-element-94ed0a5 elementor-section-boxed elementor-section-height-default elementor-section-height-default\" data-id=\"94ed0a5\" data-element_type=\"section\">\n\t\t\t\t\t\t<div class=\"elementor-container elementor-column-gap-default\">\n\t\t\t\t\t\t\t<div class=\"elementor-row\">\n\t\t\t\t\t<div class=\"elementor-column elementor-col-100 elementor-top-column elementor-element elementor-element-4dc87c36\" data-id=\"4dc87c36\" data-element_type=\"column\">\n\t\t\t<div class=\"elementor-column-wrap elementor-element-populated\">\n\t\t\t\t\t\t\t<div class=\"elementor-widget-wrap\">\n\t\t\t\t\t\t<div class=\"elementor-element elementor-element-0916f9a jet-breadcrumbs-align-left elementor-widget elementor-widget-jet-breadcrumbs\" data-id=\"0916f9a\" data-element_type=\"widget\" data-widget_type=\"jet-breadcrumbs.default\">\n\t\t\t\t<div class=\"elementor-widget-container\">\n\t\t\t<div class=\"elementor-jet-breadcrumbs jet-blocks\">\n\t\t<div class=\"jet-breadcrumbs\">\n\t\t<div class=\"jet-breadcrumbs__content\">\n\t\t\t<div class=\"jet-breadcrumbs__browse\">You are here:<\/div> \n\t\t<div class=\"jet-breadcrumbs__wrap\"><div class=\"jet-breadcrumbs__item\"><a href=\"https:\/\/www.natcert.at\/en\/\" class=\"jet-breadcrumbs__item-link is-home\" rel=\"home\" title=\"Home\">Home<\/a><\/div>\n\t\t<\/div>\n\t\t<\/div>\n\t\t<\/div><\/div>\t\t<\/div>\n\t\t\t\t<\/div>\n\t\t\t\t<div class=\"elementor-element elementor-element-7c6c17c4 elementor-widget elementor-widget-heading\" data-id=\"7c6c17c4\" data-element_type=\"widget\" data-widget_type=\"heading.default\">\n\t\t\t\t<div class=\"elementor-widget-container\">\n\t\t\t<h1 class=\"elementor-heading-title elementor-size-default\">WHAT IS NATCERT?<\/h1>\t\t<\/div>\n\t\t\t\t<\/div>\n\t\t\t\t<div class=\"elementor-element elementor-element-773530c9 elementor-widget elementor-widget-heading\" data-id=\"773530c9\" data-element_type=\"widget\" data-widget_type=\"heading.default\">\n\t\t\t\t<div class=\"elementor-widget-container\">\n\t\t\t<h2 class=\"elementor-heading-title elementor-size-default\">FOCUS ON PRODUCT SAFETY AND QUALITY<\/h2>\t\t<\/div>\n\t\t\t\t<\/div>\n\t\t\t\t<div class=\"elementor-element elementor-element-273a3c48 elementor-widget elementor-widget-text-editor\" data-id=\"273a3c48\" data-element_type=\"widget\" data-widget_type=\"text-editor.default\">\n\t\t\t\t<div class=\"elementor-widget-container\">\n\t\t\t\t\t\t\t\t<div class=\"elementor-text-editor elementor-clearfix\">\n\t\t\t\t<p><span style=\"letter-spacing: 0px;\">Mit NatCert werden von uns ausschlie\u00dflich Produkte gekennzeichnet, welche aufgrund aus unserem Haus stammen und\u00a0 grunds\u00e4tzlich Qualit\u00e4ts- und Sicherheitskriterien nach anerkannten Richtlinien der Naturkosmetik erf\u00fcllen.<\/span>\u00a0Die beiden wichtigsten Standards in diesem Gebiet setzen\u00a0<\/p>\t\t\t\t\t<\/div>\n\t\t\t\t\t\t<\/div>\n\t\t\t\t<\/div>\n\t\t\t\t<div class=\"elementor-element elementor-element-42d5b16a elementor-widget elementor-widget-text-editor\" data-id=\"42d5b16a\" data-element_type=\"widget\" data-widget_type=\"text-editor.default\">\n\t\t\t\t<div class=\"elementor-widget-container\">\n\t\t\t\t\t\t\t\t<div class=\"elementor-text-editor elementor-clearfix\">\n\t\t\t\t<h3>NATRUE und COSMOS<\/h3><p>NATRUE and COSMOS are two internationally recognized associations which are committed to the benefit of consumers in the field of natural and organic cosmetics. Both well known, they are considered to be the golden standard within the industry. The guidelines can be viewed on the websites stated.<\/p><p>Mit NatCert gekennzeichnete Produkte sind grunds\u00e4tzlich nach diesen Standards konzipiert und hergestellt. Dies gilt von der Rohstoffauswahl \u00fcber die Verarbeitung bis zum Endprodukt. Daher besteht bei NatCert-gekennzeichneten Produkten eine hohe Wahrscheinlichkeit, da\u00df sie bei Durchlaufen der entsprechenden Anmeldeverfahren den COSMOS oder NATRUE Standard best\u00e4tigt erhalten.<\/p><p>\u00a0<\/p><h6>Rechtlicher Hinweis: Unsere Einsch\u00e4tzung der Zertifizierbarkeit bezieht sich immer auf den Zeitpunkt der Produktentwicklung und steht unter dem Vorbehalt, dass sie nach bestem Wissen und Gewissen abgegeben wurde, aber nicht den Anspruch erhebt, den Zertifizierungsprozess als solchen vorwegzunehmen. Letzteres vor allem aus rechtlichen Gr\u00fcnden. Pure Green gibt nicht an, dass NatCert automatisch einem Zertifikat von COSMOS oder NATRUE entspricht.<\/h6>\t\t\t\t\t<\/div>\n\t\t\t\t\t\t<\/div>\n\t\t\t\t<\/div>\n\t\t\t\t\t\t<\/div>\n\t\t\t\t\t<\/div>\n\t\t<\/div>\n\t\t\t\t\t\t\t\t<\/div>\n\t\t\t\t\t<\/div>\n\t\t<\/section>\n\t\t\t\t<section class=\"elementor-section elementor-top-section elementor-element elementor-element-9081014 elementor-section-boxed elementor-section-height-default elementor-section-height-default\" data-id=\"9081014\" data-element_type=\"section\">\n\t\t\t\t\t\t<div class=\"elementor-container elementor-column-gap-default\">\n\t\t\t\t\t\t\t<div class=\"elementor-row\">\n\t\t\t\t\t<div class=\"elementor-column elementor-col-50 elementor-top-column elementor-element elementor-element-8db2a16\" data-id=\"8db2a16\" data-element_type=\"column\">\n\t\t\t<div class=\"elementor-column-wrap elementor-element-populated\">\n\t\t\t\t\t\t\t<div class=\"elementor-widget-wrap\">\n\t\t\t\t\t\t<div class=\"elementor-element elementor-element-45d1dab elementor-widget elementor-widget-image\" data-id=\"45d1dab\" data-element_type=\"widget\" data-widget_type=\"image.default\">\n\t\t\t\t<div class=\"elementor-widget-container\">\n\t\t\t\t\t\t\t\t<div class=\"elementor-image\">\n\t\t\t\t\t\t\t\t\t\t\t\t\t<a href=\"https:\/\/www.natrue.org\/de\/\" target=\"_blank\">\n\t\t\t\t\t\t\t<img decoding=\"async\" src=\"https:\/\/www.natcert.at\/wp-content\/uploads\/elementor\/thumbs\/Natural_Cosmetics_logo_black-qe1j8ck0c9aiq9wj8hxgk9av5qb1g35g6fnv1dvlkw.jpg\" title=\"Natural_Cosmetics_logo_black\" alt=\"Natural_Cosmetics_logo_black\" loading=\"lazy\" \/>\t\t\t\t\t\t\t\t<\/a>\n\t\t\t\t\t\t\t\t\t\t\t\t\t\t<\/div>\n\t\t\t\t\t\t<\/div>\n\t\t\t\t<\/div>\n\t\t\t\t\t\t<\/div>\n\t\t\t\t\t<\/div>\n\t\t<\/div>\n\t\t\t\t<div class=\"elementor-column elementor-col-50 elementor-top-column elementor-element elementor-element-8b988cc\" data-id=\"8b988cc\" data-element_type=\"column\">\n\t\t\t<div class=\"elementor-column-wrap elementor-element-populated\">\n\t\t\t\t\t\t\t<div class=\"elementor-widget-wrap\">\n\t\t\t\t\t\t<div class=\"elementor-element elementor-element-de361a9 elementor-widget elementor-widget-heading\" data-id=\"de361a9\" data-element_type=\"widget\" data-widget_type=\"heading.default\">\n\t\t\t\t<div class=\"elementor-widget-container\">\n\t\t\t<h3 class=\"elementor-heading-title elementor-size-default\">NATRUE<\/h3>\t\t<\/div>\n\t\t\t\t<\/div>\n\t\t\t\t<div class=\"elementor-element elementor-element-abc404f elementor-widget elementor-widget-text-editor\" data-id=\"abc404f\" data-element_type=\"widget\" data-widget_type=\"text-editor.default\">\n\t\t\t\t<div class=\"elementor-widget-container\">\n\t\t\t\t\t\t\t\t<div class=\"elementor-text-editor elementor-clearfix\">\n\t\t\t\t<p><span class=\"tlid-translation translation\" lang=\"de\"><span title=\"\"><span style=\"letter-spacing: -0.1px;\">The vision of NATRUE is to promote and protect natural and organic cosmetics for the benefit of consumers worldwide. NATRUE is an international non-profit organisation based in Brussels. NATRUE certification can be awarded to raw materials as well as to final products. <\/span>NATRUE ist eine<\/span><\/span> internationale Non-Profit-Organisation mit Sitz in B<span title=\"\">r\u00fcssel. Die NATRUE-Zertifizierung ist sowohl f\u00fcr Rohstoffe als auch f\u00fcr Endprodukte m\u00f6glich.<\/span><\/p><p>Find out more by clicking on the NATRUE logo.<\/p>\t\t\t\t\t<\/div>\n\t\t\t\t\t\t<\/div>\n\t\t\t\t<\/div>\n\t\t\t\t\t\t<\/div>\n\t\t\t\t\t<\/div>\n\t\t<\/div>\n\t\t\t\t\t\t\t\t<\/div>\n\t\t\t\t\t<\/div>\n\t\t<\/section>\n\t\t\t\t<section class=\"elementor-section elementor-top-section elementor-element elementor-element-ff8afa1 elementor-section-boxed elementor-section-height-default elementor-section-height-default\" data-id=\"ff8afa1\" data-element_type=\"section\">\n\t\t\t\t\t\t<div class=\"elementor-container elementor-column-gap-default\">\n\t\t\t\t\t\t\t<div class=\"elementor-row\">\n\t\t\t\t\t<div class=\"elementor-column elementor-col-50 elementor-top-column elementor-element elementor-element-f9868ed\" data-id=\"f9868ed\" data-element_type=\"column\">\n\t\t\t<div class=\"elementor-column-wrap elementor-element-populated\">\n\t\t\t\t\t\t\t<div class=\"elementor-widget-wrap\">\n\t\t\t\t\t\t<div class=\"elementor-element elementor-element-253348e elementor-widget elementor-widget-heading\" data-id=\"253348e\" data-element_type=\"widget\" data-widget_type=\"heading.default\">\n\t\t\t\t<div class=\"elementor-widget-container\">\n\t\t\t<h3 class=\"elementor-heading-title elementor-size-default\">COSMOS<\/h3>\t\t<\/div>\n\t\t\t\t<\/div>\n\t\t\t\t<div class=\"elementor-element elementor-element-e44d947 elementor-widget elementor-widget-text-editor\" data-id=\"e44d947\" data-element_type=\"widget\" data-widget_type=\"text-editor.default\">\n\t\t\t\t<div class=\"elementor-widget-container\">\n\t\t\t\t\t\t\t\t<div class=\"elementor-text-editor elementor-clearfix\">\n\t\t\t\t<p style=\"text-align: right;\">Trust in organic and natural cosmetics.<\/p><p style=\"text-align: right;\">The COSMOS standard was created by an international, non-profit association based in Belgium.\u00a0<\/p><p style=\"text-align: right;\">COSMOS is committed to protecting the environment and people in the field of cosmetic products, in particular, natural and organic cosmetics. COSMOS ensures clear, understandable and transparent information for consumers.\u00a0<\/p><p style=\"text-align: right;\">Find out more by clicking on the COSMOS Logo.<\/p>\t\t\t\t\t<\/div>\n\t\t\t\t\t\t<\/div>\n\t\t\t\t<\/div>\n\t\t\t\t\t\t<\/div>\n\t\t\t\t\t<\/div>\n\t\t<\/div>\n\t\t\t\t<div class=\"elementor-column elementor-col-50 elementor-top-column elementor-element elementor-element-9c649ae\" data-id=\"9c649ae\" data-element_type=\"column\">\n\t\t\t<div class=\"elementor-column-wrap elementor-element-populated\">\n\t\t\t\t\t\t\t<div class=\"elementor-widget-wrap\">\n\t\t\t\t\t\t<div class=\"elementor-element elementor-element-6fad321 elementor-widget elementor-widget-image\" data-id=\"6fad321\" data-element_type=\"widget\" data-widget_type=\"image.default\">\n\t\t\t\t<div class=\"elementor-widget-container\">\n\t\t\t\t\t\t\t\t<div class=\"elementor-image\">\n\t\t\t\t\t\t\t\t\t\t\t\t\t<a href=\"https:\/\/cosmos-standard.org\/welcome\/willkommen\/\">\n\t\t\t\t\t\t\t<img decoding=\"async\" src=\"https:\/\/www.natcert.at\/wp-content\/uploads\/2019\/09\/cosmos_natural.svg\" title=\"cosmos_natural\" alt=\"cosmos_natural\" loading=\"lazy\" \/>\t\t\t\t\t\t\t\t<\/a>\n\t\t\t\t\t\t\t\t\t\t\t\t\t\t<\/div>\n\t\t\t\t\t\t<\/div>\n\t\t\t\t<\/div>\n\t\t\t\t\t\t<\/div>\n\t\t\t\t\t<\/div>\n\t\t<\/div>\n\t\t\t\t\t\t\t\t<\/div>\n\t\t\t\t\t<\/div>\n\t\t<\/section>\n\t\t\t\t\t\t\t\t\t<\/div>\n\t\t\t<\/div>\n\t\t\t\t\t<\/div>","protected":false},"excerpt":{"rendered":"<p>Sie befinden sich hier: Home Was ist NatCert? Produktsicherheit und Qualit\u00e4t im Fokus Mit NatCert werden von uns ausschlie\u00dflich Produkte gekennzeichnet, welche aufgrund aus unserem Haus stammen und\u00a0 grunds\u00e4tzlich Qualit\u00e4ts- und Sicherheitskriterien nach anerkannten Richtlinien der Naturkosmetik erf\u00fcllen.\u00a0Die beiden wichtigsten Standards in diesem Gebiet setzen\u00a0 NATRUE und COSMOS NATRUE und COSMOS sind beides international anerkannte [&hellip;]<\/p>","protected":false},"author":1,"featured_media":0,"parent":0,"menu_order":0,"comment_status":"closed","ping_status":"closed","template":"","meta":{"footnotes":""},"class_list":["post-10","page","type-page","status-publish","hentry"],"_links":{"self":[{"href":"https:\/\/www.natcert.at\/en\/wp-json\/wp\/v2\/pages\/10","targetHints":{"allow":["GET"]}}],"collection":[{"href":"https:\/\/www.natcert.at\/en\/wp-json\/wp\/v2\/pages"}],"about":[{"href":"https:\/\/www.natcert.at\/en\/wp-json\/wp\/v2\/types\/page"}],"author":[{"embeddable":true,"href":"https:\/\/www.natcert.at\/en\/wp-json\/wp\/v2\/users\/1"}],"replies":[{"embeddable":true,"href":"https:\/\/www.natcert.at\/en\/wp-json\/wp\/v2\/comments?post=10"}],"version-history":[{"count":43,"href":"https:\/\/www.natcert.at\/en\/wp-json\/wp\/v2\/pages\/10\/revisions"}],"predecessor-version":[{"id":1213,"href":"https:\/\/www.natcert.at\/en\/wp-json\/wp\/v2\/pages\/10\/revisions\/1213"}],"wp:attachment":[{"href":"https:\/\/www.natcert.at\/en\/wp-json\/wp\/v2\/media?parent=10"}],"curies":[{"name":"wp","href":"https:\/\/api.w.org\/{rel}","templated":true}]}}